{"id":567,"date":"2014-10-16T21:11:12","date_gmt":"2014-10-16T20:11:12","guid":{"rendered":"http:\/\/holambra.nl\/?page_id=567"},"modified":"2024-11-21T10:45:46","modified_gmt":"2024-11-21T09:45:46","slug":"literatuur1","status":"publish","type":"page","link":"https:\/\/holambra.nl\/?page_id=567","title":{"rendered":"Literatuur"},"content":{"rendered":"<p>C.J.M. Wijnen, <em>Holambra 1 : Nederlandse boeren in cooperatief verband in Brazili\u00eb. <\/em>LEI-mededeling no. 138. Uitgave: Landbouw Economisch Instituut, Den Haag (1976). <a href=\"http:\/\/library.wur.nl\/WebQuery\/wurpubs\/fulltext\/263544\" target=\"_blank\" rel=\"noopener\">[PDF]<\/a><\/p>\n<p>C.J.M. Wijnen, <em>Holambra II. Een groepsvestiging van Nederlandse boeren. <\/em>LEI-mededeling no. 178. Uitgave: Landbouw-Economisch Instituut, Den Haag (1977). <a href=\"http:\/\/library.wur.nl\/WebQuery\/wurpubs\/fulltext\/263579\" target=\"_blank\" rel=\"noopener\">[PDF]<\/a><\/p>\n<p>Mari Smits,\u00a0<em>Holambra. Os primeiros anos dif\u00edceis de um pedacinho da Holanda no Brasil<\/em>. Online publicatie. <a href=\"https:\/\/tulipana.org\/images\/PDF\/HOLAMBRA_Portugues_V20170106_2.pdf\" target=\"_blank\" rel=\"noopener\">[PDF]<\/a><\/p>\n<p>Henk Klein Gunnewiek, <em>Herinneringen van een emigrant. Holambra, Brazili\u00eb. <\/em>Uitgave: Profiel, Bedum (1991)<\/p>\n<p>Kees Wijnen, <em>Holambra 1948-1998. Van co\u00f6peratie van Nederlandse boeren en tuinders tot bloemenstad in Brazili\u00eb<\/em><br \/>\n<em> Holambra 1948-1998. Cidade das Flores.<\/em> Twee edities: Nederlands en Portugees. Uitgave: Stichting Holambra Nederland, Den Haag (1998)<\/p>\n<p>Jos Schoenmaker, <em>E ent\u00e3o floresce. Terra viva. A saga de uma empresa familiar.<\/em> Uitgave: Associa\u00e7\u00e3o Schoenmaker, Holambra (2006)<\/p>\n<p>Ad Reijrink, \u2018Diessense emigranten in Brazili\u00eb: paradijs of nachtmerrie?\u2019, in: <em>Hers en geens dur Diessen<\/em>, deel 15<br \/>\nUitgave: Fotostichting Diessen (2007)<\/p>\n<p>Jan van den Broek, <em>Holambra. Dromen strijd en overwinning. Geschiedenis van een succesvol emigratieproject.<\/em><br \/>\nEditie in Nederlands en Portugees. Uitgave: Editora Setembro, Holambra (2008)<\/p>\n<p>Gijs Eijsink, <em>Gerardus Antonius Eijsink, Gerald\u00e3o. Een pionier tussen de mensen, cooperando para formar hist\u00f3rias.<\/em><br \/>\nEditie in Nederlands en Portugees. Uitgave: Editora Setembro, Holambra (2009)<\/p>\n<p>Gilberto Guilherme Jos\u00e9 Wigman (red.), <em>A arte de recomen\u00e7ar. Os 60 anos da fam\u00edlia van Mierlo no Brasil.<\/em> Uitgave: Editora Setembro, Holambra (2010)<\/p>\n<p>Kees Wijnen, <em>Campos de Holambra, 1960-2010.<\/em> Twee edities: Nederlands en Portugees. Uitgave: Katholieke Emigratie Centrale, Den Haag en Cooperativa Agro-Industrial Holambra, Campos de Holambra (2010)<\/p>\n<p>Jan van den Broek, <em>Een Levensweg. Memoires van een pionier. O Caminho de uma vida. Mem\u00f3rias de um pioniero.<\/em> Editie in Nederlands en Portugees. Uitgave: Editora Setembro, Holambra (2011)<\/p>\n<p>Ana Cl\u00e1udia Pinto Corr\u00eaa, <em>Holambra al\u00e9m das Flores. Uma experi\u00eancia de imigra\u00e7\u00e3o holandesa.<\/em> Uitgave: Editora Setembro, Holambra (2011)<\/p>\n<p>Kees Wijnen, Annemarie van der Knaap, <em>Holambra. Cidade das Flores\/Bloemenstad.<\/em> Editie in Nederlands en Portugees. Uitgave: Editora Setembro, Holambra (2012)<\/p>\n<p>Renate Stapelbroek \u2018Retour Brabant-Brazili\u00eb. De terugkeer van naoorlogse emigranten (1960-1970)\u2019, in: <em>In Brabant. Tijdschrift voor Brabants Heem en Erfgoed<\/em>, Jaargang 3, nr. 1, februari 2012 <a href=\"https:\/\/www.calameo.com\/read\/00288803986a57ffc36cb\" target=\"_blank\" rel=\"noopener\">[PDF]<\/a><\/p>\n<p><span class=\"st\">Annemarie van der Knaap. <em>Vamos realizar um Veiling. 25 anos klok,1989 &#8211; 2014<\/em>, Uitgave: Veiling Holambra (2014)<\/span><\/p>\n<p>Mari Smits, <em>Holambra. Geschiedenis van een Nederlandse toekomstdroom <\/em><em>in de Braziliaanse werkelijkheid, 1948-1988. <\/em>Uitgave: Katholiek Documentatie Centrum, Nijmegen (1990) <a href=\"https:\/\/holambra.nl\/wp-content\/uploads\/2021\/05\/Smits-Holambra.pdf\" target=\"_blank\" rel=\"noopener\">[PDF]<\/a><\/p>\n<p>Mari Smits,\u00a0<em>Holambra. De moeizame beginjaren van een stukje Nederland in Brazili\u00eb.\u00a0<\/em>Uitgave: Valkhof Pers (Nijmegen 2016) <a href=\"https:\/\/marismits.nl\/wp-content\/uploads\/2024\/07\/Mari-Smits-Holambra-Prf5.pdf\" target=\"_blank\" rel=\"noopener\">[PDF]<\/a><\/p>\n<div id='gallery-1' class='gallery galleryid-567 gallery-columns-5 gallery-size-thumbnail'><figure class='gallery-item'>\n\t\t\t<div class='gallery-icon portrait'>\n\t\t\t\t<a href='https:\/\/holambra.nl\/wp-content\/uploads\/2013\/03\/Smits-Holambra.jpg'><img loading=\"lazy\" decoding=\"async\" width=\"150\" height=\"150\" src=\"https:\/\/holambra.nl\/wp-content\/uploads\/2013\/03\/Smits-Holambra-150x150.jpg\" class=\"attachment-thumbnail size-thumbnail\" alt=\"\" aria-describedby=\"gallery-1-32\" \/><\/a>\n\t\t\t<\/div>\n\t\t\t\t<figcaption class='wp-caption-text gallery-caption' id='gallery-1-32'>\n\t\t\t\tMari Smits,\nHolambra. Geschiedenis van een Nederlandse toekomstdroom\nin de Braziliaanse werkelijkheid, 1948-1988\nUitgave: Katholiek Documentatie Centrum, Nijmegen (1990)\n\t\t\t\t<\/figcaption><\/figure><figure class='gallery-item'>\n\t\t\t<div class='gallery-icon portrait'>\n\t\t\t\t<a href='https:\/\/holambra.nl\/wp-content\/uploads\/2013\/03\/Herinneringen.jpg'><img loading=\"lazy\" decoding=\"async\" width=\"150\" height=\"150\" src=\"https:\/\/holambra.nl\/wp-content\/uploads\/2013\/03\/Herinneringen-150x150.jpg\" class=\"attachment-thumbnail size-thumbnail\" alt=\"\" aria-describedby=\"gallery-1-35\" \/><\/a>\n\t\t\t<\/div>\n\t\t\t\t<figcaption class='wp-caption-text gallery-caption' id='gallery-1-35'>\n\t\t\t\tHenk Klein Gunnewiek,\nHerinneringen van een emigrant. Holambra, Brazili\u00eb\nUitgave: Profiel, Bedum (1991)\n\t\t\t\t<\/figcaption><\/figure><figure class='gallery-item'>\n\t\t\t<div class='gallery-icon portrait'>\n\t\t\t\t<a href='https:\/\/holambra.nl\/wp-content\/uploads\/2013\/03\/Wijnen-1998.jpg'><img loading=\"lazy\" decoding=\"async\" width=\"150\" height=\"150\" src=\"https:\/\/holambra.nl\/wp-content\/uploads\/2013\/03\/Wijnen-1998-150x150.jpg\" class=\"attachment-thumbnail size-thumbnail\" alt=\"\" aria-describedby=\"gallery-1-44\" \/><\/a>\n\t\t\t<\/div>\n\t\t\t\t<figcaption class='wp-caption-text gallery-caption' id='gallery-1-44'>\n\t\t\t\tKees Wijnen,\nHolambra 1948-1998. Van co\u00f6peratie van Nederlandse\nboeren en tuinders tot bloemenstad in Brazili\u00eb\nHolambra 1948-1998. Cidade das Flores\nTwee edities: Nederlands en Portugees\nUitgave: Stichting Holambra Nederland, Den Haag (1998)\n\t\t\t\t<\/figcaption><\/figure><figure class='gallery-item'>\n\t\t\t<div class='gallery-icon portrait'>\n\t\t\t\t<a href='https:\/\/holambra.nl\/wp-content\/uploads\/2013\/03\/Schoenmaker.jpg'><img loading=\"lazy\" decoding=\"async\" width=\"150\" height=\"150\" src=\"https:\/\/holambra.nl\/wp-content\/uploads\/2013\/03\/Schoenmaker-150x150.jpg\" class=\"attachment-thumbnail size-thumbnail\" alt=\"\" aria-describedby=\"gallery-1-58\" \/><\/a>\n\t\t\t<\/div>\n\t\t\t\t<figcaption class='wp-caption-text gallery-caption' id='gallery-1-58'>\n\t\t\t\tJos Schoenmaker,\nE ent\u00e3o floresce. Terra viva. A saga de uma empresa familiar\nUitgave: Associa\u00e7\u00e3o Schoenmaker, Holambra (2006)\n\t\t\t\t<\/figcaption><\/figure><figure class='gallery-item'>\n\t\t\t<div class='gallery-icon portrait'>\n\t\t\t\t<a href='https:\/\/holambra.nl\/wp-content\/uploads\/2013\/03\/Diessen.jpg'><img loading=\"lazy\" decoding=\"async\" width=\"150\" height=\"150\" src=\"https:\/\/holambra.nl\/wp-content\/uploads\/2013\/03\/Diessen-150x150.jpg\" class=\"attachment-thumbnail size-thumbnail\" alt=\"\" aria-describedby=\"gallery-1-75\" \/><\/a>\n\t\t\t<\/div>\n\t\t\t\t<figcaption class='wp-caption-text gallery-caption' id='gallery-1-75'>\n\t\t\t\tAd Reijrink,\n\u2018Diessense emigranten in Brazili\u00eb: paradijs of nachtmerrie?\u2019\nIn: Hers en geens dur Diessen, deel 15\nUitgave: Fotostichting Diessen (2007)\n\t\t\t\t<\/figcaption><\/figure><figure class='gallery-item'>\n\t\t\t<div class='gallery-icon portrait'>\n\t\t\t\t<a href='https:\/\/holambra.nl\/wp-content\/uploads\/2013\/03\/Broek-Holambra.jpg'><img loading=\"lazy\" decoding=\"async\" width=\"150\" height=\"150\" src=\"https:\/\/holambra.nl\/wp-content\/uploads\/2013\/03\/Broek-Holambra-150x150.jpg\" class=\"attachment-thumbnail size-thumbnail\" alt=\"\" aria-describedby=\"gallery-1-66\" \/><\/a>\n\t\t\t<\/div>\n\t\t\t\t<figcaption class='wp-caption-text gallery-caption' id='gallery-1-66'>\n\t\t\t\tJan van den Broek,\nHolambra. Dromen strijd en overwinning.\nGeschiedenis van een succesvol emigratieproject\nEditie in Nederlands en Portugees\nUitgave: Editora Setembro, Holambra (2008)\n\t\t\t\t<\/figcaption><\/figure><figure class='gallery-item'>\n\t\t\t<div class='gallery-icon portrait'>\n\t\t\t\t<a href='https:\/\/holambra.nl\/wp-content\/uploads\/2013\/03\/geraldao.jpg'><img loading=\"lazy\" decoding=\"async\" width=\"150\" height=\"150\" src=\"https:\/\/holambra.nl\/wp-content\/uploads\/2013\/03\/geraldao-150x150.jpg\" class=\"attachment-thumbnail size-thumbnail\" alt=\"\" aria-describedby=\"gallery-1-67\" \/><\/a>\n\t\t\t<\/div>\n\t\t\t\t<figcaption class='wp-caption-text gallery-caption' id='gallery-1-67'>\n\t\t\t\tGijs Eijsink,\nGerardus Antonius Eijsink, Gerald\u00e3o.\nEen pionier tussen de mensen, cooperando para formar hist\u00f3rias\nEditie in Nederlands en Portugees\nUitgave: Editora Setembro, Holambra (2009)\n\t\t\t\t<\/figcaption><\/figure><figure class='gallery-item'>\n\t\t\t<div class='gallery-icon portrait'>\n\t\t\t\t<a href='https:\/\/holambra.nl\/wp-content\/uploads\/2013\/03\/Wijnen-2010.jpg'><img loading=\"lazy\" decoding=\"async\" width=\"150\" height=\"150\" src=\"https:\/\/holambra.nl\/wp-content\/uploads\/2013\/03\/Wijnen-2010-150x150.jpg\" class=\"attachment-thumbnail size-thumbnail\" alt=\"\" \/><\/a>\n\t\t\t<\/div><\/figure><figure class='gallery-item'>\n\t\t\t<div class='gallery-icon portrait'>\n\t\t\t\t<a href='https:\/\/holambra.nl\/wp-content\/uploads\/2013\/03\/Wigman-A-arte.jpg'><img loading=\"lazy\" decoding=\"async\" width=\"150\" height=\"150\" src=\"https:\/\/holambra.nl\/wp-content\/uploads\/2013\/03\/Wigman-A-arte-150x150.jpg\" class=\"attachment-thumbnail size-thumbnail\" alt=\"\" aria-describedby=\"gallery-1-72\" \/><\/a>\n\t\t\t<\/div>\n\t\t\t\t<figcaption class='wp-caption-text gallery-caption' id='gallery-1-72'>\n\t\t\t\tGilberto Guilherme Jos\u00e9 Wigman (red.),\nA arte de recomen\u00e7ar. Os 60 anos\nda fam\u00edlia van Mierlo no Brasil\nUitgave: Editora Setembro, Holambra (2010)\n\t\t\t\t<\/figcaption><\/figure><figure class='gallery-item'>\n\t\t\t<div class='gallery-icon portrait'>\n\t\t\t\t<a href='https:\/\/holambra.nl\/wp-content\/uploads\/2013\/03\/Pinto-Correa.jpg'><img loading=\"lazy\" decoding=\"async\" width=\"150\" height=\"150\" src=\"https:\/\/holambra.nl\/wp-content\/uploads\/2013\/03\/Pinto-Correa-150x150.jpg\" class=\"attachment-thumbnail size-thumbnail\" alt=\"\" aria-describedby=\"gallery-1-81\" \/><\/a>\n\t\t\t<\/div>\n\t\t\t\t<figcaption class='wp-caption-text gallery-caption' id='gallery-1-81'>\n\t\t\t\tAna Cl\u00e1udia Pinto Corr\u00eaa,\nHolambra al\u00e9m das Flores.\nUma experi\u00eancia de imigra\u00e7\u00e3o holandesa\nUitgave: Editora Setembro, Holambra (2011)\n\t\t\t\t<\/figcaption><\/figure><figure class='gallery-item'>\n\t\t\t<div class='gallery-icon portrait'>\n\t\t\t\t<a href='https:\/\/holambra.nl\/wp-content\/uploads\/2013\/03\/Broek-Levensweg.jpg'><img loading=\"lazy\" decoding=\"async\" width=\"150\" height=\"150\" src=\"https:\/\/holambra.nl\/wp-content\/uploads\/2013\/03\/Broek-Levensweg-150x150.jpg\" class=\"attachment-thumbnail size-thumbnail\" alt=\"\" aria-describedby=\"gallery-1-79\" \/><\/a>\n\t\t\t<\/div>\n\t\t\t\t<figcaption class='wp-caption-text gallery-caption' id='gallery-1-79'>\n\t\t\t\tJan van den Broek,\nEen Levensweg. Memoires van een pionier\nO Caminho de uma vida. Mem\u00f3rias de um pioniero\nEditie in Nederlands en Portugees\nUitgave: Editora Setembro, Holambra (2011)\n\t\t\t\t<\/figcaption><\/figure><figure class='gallery-item'>\n\t\t\t<div class='gallery-icon portrait'>\n\t\t\t\t<a href='https:\/\/holambra.nl\/wp-content\/uploads\/2013\/03\/Wijnen-2012.jpg'><img loading=\"lazy\" decoding=\"async\" width=\"150\" height=\"150\" src=\"https:\/\/holambra.nl\/wp-content\/uploads\/2013\/03\/Wijnen-2012-150x150.jpg\" class=\"attachment-thumbnail size-thumbnail\" alt=\"\" aria-describedby=\"gallery-1-82\" \/><\/a>\n\t\t\t<\/div>\n\t\t\t\t<figcaption class='wp-caption-text gallery-caption' id='gallery-1-82'>\n\t\t\t\tKees Wijnen, Annemarie van der Knaap\nHolambra. Cidade das Flores\/Bloemenstad\nEditie in Nederlands en Portugees\nUitgave: Editora Setembro, Holambra (2012)\n\t\t\t\t<\/figcaption><\/figure><figure class='gallery-item'>\n\t\t\t<div class='gallery-icon portrait'>\n\t\t\t\t<a href='https:\/\/holambra.nl\/wp-content\/uploads\/2013\/03\/In-Brabant.jpg'><img loading=\"lazy\" decoding=\"async\" width=\"150\" height=\"150\" src=\"https:\/\/holambra.nl\/wp-content\/uploads\/2013\/03\/In-Brabant-150x150.jpg\" class=\"attachment-thumbnail size-thumbnail\" alt=\"\" aria-describedby=\"gallery-1-91\" \/><\/a>\n\t\t\t<\/div>\n\t\t\t\t<figcaption class='wp-caption-text gallery-caption' id='gallery-1-91'>\n\t\t\t\tRenate Stapelbroek\n\u2018Retour Brabant-Brazili\u00eb.\nDe terugkeer van naoorlogse emigranten (1960-1970)\u2019\nIn: In Brabant. Tijdschrift voor Brabants Heem en Erfgoed\nJaargang 3, nr. 1, februari 2012 [PDF]\n\t\t\t\t<\/figcaption><\/figure><figure class='gallery-item'>\n\t\t\t<div class='gallery-icon portrait'>\n\t\t\t\t<a href='https:\/\/holambra.nl\/wp-content\/uploads\/2016\/06\/Boekomslag.jpg'><img loading=\"lazy\" decoding=\"async\" width=\"150\" height=\"150\" src=\"https:\/\/holambra.nl\/wp-content\/uploads\/2016\/06\/Boekomslag-150x150.jpg\" class=\"attachment-thumbnail size-thumbnail\" alt=\"\" aria-describedby=\"gallery-1-776\" \/><\/a>\n\t\t\t<\/div>\n\t\t\t\t<figcaption class='wp-caption-text gallery-caption' id='gallery-1-776'>\n\t\t\t\tMari Smits, Holambra. De moeizame beginjaren van een stukje Nederland in Brazili\u00eb. Uitgave: Valkhof Pers (Nijmegen 2016) [PDF]\n\t\t\t\t<\/figcaption><\/figure><figure class='gallery-item'>\n\t\t\t<div class='gallery-icon portrait'>\n\t\t\t\t<a href='https:\/\/holambra.nl\/wp-content\/uploads\/2016\/12\/CoverHolambraPortuguesSM.png'><img loading=\"lazy\" decoding=\"async\" width=\"150\" height=\"150\" src=\"https:\/\/holambra.nl\/wp-content\/uploads\/2016\/12\/CoverHolambraPortuguesSM-150x150.png\" class=\"attachment-thumbnail size-thumbnail\" alt=\"\" aria-describedby=\"gallery-1-802\" \/><\/a>\n\t\t\t<\/div>\n\t\t\t\t<figcaption class='wp-caption-text gallery-caption' id='gallery-1-802'>\n\t\t\t\tMari Smits, Holambra. Os primeiros anos dif\u00edceis de um pedacinho da Holanda no Brasil. Online publicatie.\n\t\t\t\t<\/figcaption><\/figure>\n\t\t<\/div>\n\n","protected":false},"excerpt":{"rendered":"<p>C.J.M. Wijnen, Holambra 1 : Nederlandse boeren in cooperatief verband in Brazili\u00eb. LEI-mededeling no. 138. Uitgave: Landbouw Economisch Instituut, Den Haag (1976). [PDF] C.J.M. Wijnen, Holambra II. Een groepsvestiging van Nederlandse boeren. LEI-mededeling no. 178. Uitgave: Landbouw-Economisch Instituut, Den Haag (1977). [PDF] Mari Smits,\u00a0Holambra. Os primeiros anos dif\u00edceis de um pedacinho da Holanda no Brasil. [&hellip;]<\/p>\n","protected":false},"author":1,"featured_media":0,"parent":0,"menu_order":6,"comment_status":"open","ping_status":"open","template":"","meta":{"jetpack_post_was_ever_published":false,"footnotes":""},"class_list":["post-567","page","type-page","status-publish","hentry"],"jetpack_shortlink":"https:\/\/wp.me\/P4Hsig-99","jetpack_sharing_enabled":true,"_links":{"self":[{"href":"https:\/\/holambra.nl\/index.php?rest_route=\/wp\/v2\/pages\/567","targetHints":{"allow":["GET"]}}],"collection":[{"href":"https:\/\/holambra.nl\/index.php?rest_route=\/wp\/v2\/pages"}],"about":[{"href":"https:\/\/holambra.nl\/index.php?rest_route=\/wp\/v2\/types\/page"}],"author":[{"embeddable":true,"href":"https:\/\/holambra.nl\/index.php?rest_route=\/wp\/v2\/users\/1"}],"replies":[{"embeddable":true,"href":"https:\/\/holambra.nl\/index.php?rest_route=%2Fwp%2Fv2%2Fcomments&post=567"}],"version-history":[{"count":16,"href":"https:\/\/holambra.nl\/index.php?rest_route=\/wp\/v2\/pages\/567\/revisions"}],"predecessor-version":[{"id":1609,"href":"https:\/\/holambra.nl\/index.php?rest_route=\/wp\/v2\/pages\/567\/revisions\/1609"}],"wp:attachment":[{"href":"https:\/\/holambra.nl\/index.php?rest_route=%2Fwp%2Fv2%2Fmedia&parent=567"}],"curies":[{"name":"wp","href":"https:\/\/api.w.org\/{rel}","templated":true}]}}